{"id":637,"date":"2024-07-31T17:16:43","date_gmt":"2024-07-31T17:16:43","guid":{"rendered":"https:\/\/rrc.fo\/about\/"},"modified":"2026-04-19T12:42:49","modified_gmt":"2026-04-19T12:42:49","slug":"frasagnir","status":"publish","type":"page","link":"https:\/\/rrc.fo\/en\/frasagnir\/","title":{"rendered":"Blog"},"content":{"rendered":"<div data-elementor-type=\"wp-page\" data-elementor-id=\"637\" class=\"elementor elementor-637\" data-elementor-post-type=\"page\">\n\t\t\t\t<div class=\"elementor-element elementor-element-98a421e e-flex e-con-boxed e-con e-parent\" data-id=\"98a421e\" data-element_type=\"container\" data-e-type=\"container\" data-settings=\"{&quot;background_background&quot;:&quot;classic&quot;}\">\n\t\t\t\t\t<div class=\"e-con-inner\">\n\t\t<div class=\"elementor-element elementor-element-80d3247 e-con-full e-flex e-con e-child\" data-id=\"80d3247\" data-element_type=\"container\" data-e-type=\"container\">\n\t\t\t\t<div class=\"elementor-element elementor-element-3021605 elementor-widget elementor-widget-heading\" data-id=\"3021605\" data-element_type=\"widget\" data-e-type=\"widget\" data-widget_type=\"heading.default\">\n\t\t\t\t<div class=\"elementor-widget-container\">\n\t\t\t\t\t<h1 class=\"elementor-heading-title elementor-size-default\">Blog<\/h1>\t\t\t\t<\/div>\n\t\t\t\t<\/div>\n\t\t\t\t<\/div>\n\t\t\t\t\t<\/div>\n\t\t\t\t<\/div>\n\t\t<div class=\"elementor-element elementor-element-37cbe13 e-flex e-con-boxed e-con e-parent\" data-id=\"37cbe13\" data-element_type=\"container\" data-e-type=\"container\" data-settings=\"{&quot;background_background&quot;:&quot;classic&quot;}\">\n\t\t\t\t\t<div class=\"e-con-inner\">\n\t\t\t\t<div class=\"elementor-element elementor-element-24fb3be elementor-grid-3 elementor-grid-tablet-2 elementor-grid-mobile-1 elementor-posts--thumbnail-top elementor-card-shadow-yes elementor-posts__hover-gradient elementor-widget elementor-widget-posts\" data-id=\"24fb3be\" data-element_type=\"widget\" data-e-type=\"widget\" data-settings=\"{&quot;cards_columns&quot;:&quot;3&quot;,&quot;cards_columns_tablet&quot;:&quot;2&quot;,&quot;cards_columns_mobile&quot;:&quot;1&quot;,&quot;cards_row_gap&quot;:{&quot;unit&quot;:&quot;px&quot;,&quot;size&quot;:35,&quot;sizes&quot;:[]},&quot;cards_row_gap_tablet&quot;:{&quot;unit&quot;:&quot;px&quot;,&quot;size&quot;:&quot;&quot;,&quot;sizes&quot;:[]},&quot;cards_row_gap_mobile&quot;:{&quot;unit&quot;:&quot;px&quot;,&quot;size&quot;:&quot;&quot;,&quot;sizes&quot;:[]}}\" data-widget_type=\"posts.cards\">\n\t\t\t\t<div class=\"elementor-widget-container\">\n\t\t\t\t\t\t\t<div class=\"elementor-posts-container elementor-posts elementor-posts--skin-cards elementor-grid\" role=\"list\">\n\t\t\t\t<article class=\"elementor-post elementor-grid-item post-3690 post type-post status-publish format-standard has-post-thumbnail hentry category-tidindi\" role=\"listitem\">\n\t\t\t<div class=\"elementor-post__card\">\n\t\t\t\t<a class=\"elementor-post__thumbnail__link\" href=\"https:\/\/rrc.fo\/en\/samstarvsavtala-um-vitliki\/\" tabindex=\"-1\" ><div class=\"elementor-post__thumbnail\"><img fetchpriority=\"high\" decoding=\"async\" width=\"768\" height=\"546\" src=\"https:\/\/rrc.fo\/wp-content\/uploads\/2026\/03\/IMG_9828-Kopi-768x546.jpg\" class=\"attachment-medium_large size-medium_large wp-image-3693\" alt=\"\" srcset=\"https:\/\/rrc.fo\/wp-content\/uploads\/2026\/03\/IMG_9828-Kopi-768x546.jpg 768w, https:\/\/rrc.fo\/wp-content\/uploads\/2026\/03\/IMG_9828-Kopi-300x213.jpg 300w, https:\/\/rrc.fo\/wp-content\/uploads\/2026\/03\/IMG_9828-Kopi-1024x729.jpg 1024w, https:\/\/rrc.fo\/wp-content\/uploads\/2026\/03\/IMG_9828-Kopi-1536x1093.jpg 1536w, https:\/\/rrc.fo\/wp-content\/uploads\/2026\/03\/IMG_9828-Kopi-2048x1457.jpg 2048w, https:\/\/rrc.fo\/wp-content\/uploads\/2026\/03\/IMG_9828-Kopi-18x12.jpg 18w\" sizes=\"(max-width: 768px) 100vw, 768px\" \/><\/div><\/a>\n\t\t\t\t<div class=\"elementor-post__badge\">Blog<\/div>\n\t\t\t\t<div class=\"elementor-post__text\">\n\t\t\t\t<h3 class=\"elementor-post__title\">\n\t\t\t<a href=\"https:\/\/rrc.fo\/en\/samstarvsavtala-um-vitliki\/\" >\n\t\t\t\tCollaboration on Artificial Intelligence\t\t\t<\/a>\n\t\t<\/h3>\n\t\t\t\t<div class=\"elementor-post__excerpt\">\n\t\t\t<p>RR Consulting and D\u00e1vid \u00ed L\u00e1g have entered into a collaboration agreement on advisory services in artificial intelligence and information technology, as well as on courses and workshops organised by RR Consulting.<\/p>\n\t\t<\/div>\n\t\t\t\t\t<div class=\"elementor-post__read-more-wrapper\">\n\t\t\n\t\t<a class=\"elementor-post__read-more\" href=\"https:\/\/rrc.fo\/en\/samstarvsavtala-um-vitliki\/\" aria-label=\"Read more about Samstarv um vitl\u00edki\" tabindex=\"-1\" >\n\t\t\tRead more\t\t<\/a>\n\n\t\t\t\t\t<\/div>\n\t\t\t\t<\/div>\n\t\t\t\t<div class=\"elementor-post__meta-data\">\n\t\t\t\t\t<span class=\"elementor-post-date\">\n\t\t\tMarch 8, 2026\t\t<\/span>\n\t\t\t\t<\/div>\n\t\t\t\t\t<\/div>\n\t\t<\/article>\n\t\t\t\t<article class=\"elementor-post elementor-grid-item post-3677 post type-post status-publish format-standard has-post-thumbnail hentry category-tidindi\" role=\"listitem\">\n\t\t\t<div class=\"elementor-post__card\">\n\t\t\t\t<a class=\"elementor-post__thumbnail__link\" href=\"https:\/\/rrc.fo\/en\/runi-i-alduni\/\" tabindex=\"-1\" ><div class=\"elementor-post__thumbnail\"><img decoding=\"async\" width=\"768\" height=\"403\" src=\"https:\/\/rrc.fo\/wp-content\/uploads\/2026\/02\/wordpress_1200x630-768x403.jpg\" class=\"attachment-medium_large size-medium_large wp-image-3674\" alt=\"\" srcset=\"https:\/\/rrc.fo\/wp-content\/uploads\/2026\/02\/wordpress_1200x630-768x403.jpg 768w, https:\/\/rrc.fo\/wp-content\/uploads\/2026\/02\/wordpress_1200x630-300x158.jpg 300w, https:\/\/rrc.fo\/wp-content\/uploads\/2026\/02\/wordpress_1200x630-1024x538.jpg 1024w, https:\/\/rrc.fo\/wp-content\/uploads\/2026\/02\/wordpress_1200x630-18x9.jpg 18w, https:\/\/rrc.fo\/wp-content\/uploads\/2026\/02\/wordpress_1200x630.jpg 1200w\" sizes=\"(max-width: 768px) 100vw, 768px\" \/><\/div><\/a>\n\t\t\t\t<div class=\"elementor-post__badge\">Blog<\/div>\n\t\t\t\t<div class=\"elementor-post__text\">\n\t\t\t\t<h3 class=\"elementor-post__title\">\n\t\t\t<a href=\"https:\/\/rrc.fo\/en\/runi-i-alduni\/\" >\n\t\t\t\tLeadership talk with R\u00fani Rasmussen\t\t\t<\/a>\n\t\t<\/h3>\n\t\t\t\t<div class=\"elementor-post__excerpt\">\n\t\t\t<p>Today, R\u00fani was a guest on the radio programme Morgunl\u00f8tan on Aldan. The conversation focused on leadership, what it means in practice, and why it is important to develop leaders across all sectors.<\/p>\n\t\t<\/div>\n\t\t\t\t\t<div class=\"elementor-post__read-more-wrapper\">\n\t\t\n\t\t<a class=\"elementor-post__read-more\" href=\"https:\/\/rrc.fo\/en\/runi-i-alduni\/\" aria-label=\"Read more about Lei\u00f0slupr\u00e1t \u00ed Alduni\" tabindex=\"-1\" >\n\t\t\tRead more\t\t<\/a>\n\n\t\t\t\t\t<\/div>\n\t\t\t\t<\/div>\n\t\t\t\t<div class=\"elementor-post__meta-data\">\n\t\t\t\t\t<span class=\"elementor-post-date\">\n\t\t\tFebruary 12, 2026\t\t<\/span>\n\t\t\t\t<\/div>\n\t\t\t\t\t<\/div>\n\t\t<\/article>\n\t\t\t\t<article class=\"elementor-post elementor-grid-item post-3155 post type-post status-publish format-standard has-post-thumbnail hentry category-tidindi\" role=\"listitem\">\n\t\t\t<div class=\"elementor-post__card\">\n\t\t\t\t<a class=\"elementor-post__thumbnail__link\" href=\"https:\/\/rrc.fo\/en\/leidsluskeid\/\" tabindex=\"-1\" ><div class=\"elementor-post__thumbnail\"><img decoding=\"async\" width=\"768\" height=\"432\" src=\"https:\/\/rrc.fo\/wp-content\/uploads\/2026\/01\/rrc_tidindi_16x9_1200x675-768x432.png\" class=\"attachment-medium_large size-medium_large wp-image-3582\" alt=\"\" srcset=\"https:\/\/rrc.fo\/wp-content\/uploads\/2026\/01\/rrc_tidindi_16x9_1200x675-768x432.png 768w, https:\/\/rrc.fo\/wp-content\/uploads\/2026\/01\/rrc_tidindi_16x9_1200x675-300x169.png 300w, https:\/\/rrc.fo\/wp-content\/uploads\/2026\/01\/rrc_tidindi_16x9_1200x675-1024x576.png 1024w, https:\/\/rrc.fo\/wp-content\/uploads\/2026\/01\/rrc_tidindi_16x9_1200x675-18x10.png 18w, https:\/\/rrc.fo\/wp-content\/uploads\/2026\/01\/rrc_tidindi_16x9_1200x675.png 1200w\" sizes=\"(max-width: 768px) 100vw, 768px\" \/><\/div><\/a>\n\t\t\t\t<div class=\"elementor-post__badge\">Blog<\/div>\n\t\t\t\t<div class=\"elementor-post__text\">\n\t\t\t\t<h3 class=\"elementor-post__title\">\n\t\t\t<a href=\"https:\/\/rrc.fo\/en\/leidsluskeid\/\" >\n\t\t\t\tLeadership course \u2013 17 February\t\t\t<\/a>\n\t\t<\/h3>\n\t\t\t\t<div class=\"elementor-post__excerpt\">\n\t\t\t<p>Do you want to grow as a leader? Do you need inspiration and knowledge about leadership? Join the course and gain relevant insights and tools for your journey to lead and make a difference in your environment.<\/p>\n\t\t<\/div>\n\t\t\t\t\t<div class=\"elementor-post__read-more-wrapper\">\n\t\t\n\t\t<a class=\"elementor-post__read-more\" href=\"https:\/\/rrc.fo\/en\/leidsluskeid\/\" aria-label=\"Read more about Lei\u00f0sluskei\u00f0 17. februar\" tabindex=\"-1\" >\n\t\t\tRead more\t\t<\/a>\n\n\t\t\t\t\t<\/div>\n\t\t\t\t<\/div>\n\t\t\t\t<div class=\"elementor-post__meta-data\">\n\t\t\t\t\t<span class=\"elementor-post-date\">\n\t\t\tJanuary 20, 2026\t\t<\/span>\n\t\t\t\t<\/div>\n\t\t\t\t\t<\/div>\n\t\t<\/article>\n\t\t\t\t<article class=\"elementor-post elementor-grid-item post-3147 post type-post status-publish format-standard has-post-thumbnail hentry category-tidindi\" role=\"listitem\">\n\t\t\t<div class=\"elementor-post__card\">\n\t\t\t\t<a class=\"elementor-post__thumbnail__link\" href=\"https:\/\/rrc.fo\/en\/fyrlestrur-strategi-2035-eldraokid-i-framtidini\/\" tabindex=\"-1\" ><div class=\"elementor-post__thumbnail\"><img loading=\"lazy\" decoding=\"async\" width=\"768\" height=\"512\" src=\"https:\/\/rrc.fo\/wp-content\/uploads\/2026\/01\/595220659_122151714440854042_6370199962691443671_n-768x512.jpg\" class=\"attachment-medium_large size-medium_large wp-image-3150\" alt=\"\" srcset=\"https:\/\/rrc.fo\/wp-content\/uploads\/2026\/01\/595220659_122151714440854042_6370199962691443671_n-768x512.jpg 768w, https:\/\/rrc.fo\/wp-content\/uploads\/2026\/01\/595220659_122151714440854042_6370199962691443671_n-300x200.jpg 300w, https:\/\/rrc.fo\/wp-content\/uploads\/2026\/01\/595220659_122151714440854042_6370199962691443671_n-1024x683.jpg 1024w, https:\/\/rrc.fo\/wp-content\/uploads\/2026\/01\/595220659_122151714440854042_6370199962691443671_n-1536x1024.jpg 1536w, https:\/\/rrc.fo\/wp-content\/uploads\/2026\/01\/595220659_122151714440854042_6370199962691443671_n.jpg 2048w\" sizes=\"(max-width: 768px) 100vw, 768px\" \/><\/div><\/a>\n\t\t\t\t<div class=\"elementor-post__badge\">Blog<\/div>\n\t\t\t\t<div class=\"elementor-post__text\">\n\t\t\t\t<h3 class=\"elementor-post__title\">\n\t\t\t<a href=\"https:\/\/rrc.fo\/en\/fyrlestrur-strategi-2035-eldraokid-i-framtidini\/\" >\n\t\t\t\tBriefing on the BHS2035 Strategy\t\t\t<\/a>\n\t\t<\/h3>\n\t\t\t\t<div class=\"elementor-post__excerpt\">\n\t\t\t<p>On 3 December, the Residential and Home Care Services in Su\u00f0uroy held an information meeting on the work to develop a strategic plan for elderly care in Su\u00f0uroy. Around 150 people attended the event at SALT.<\/p>\n\t\t<\/div>\n\t\t\t\t\t<div class=\"elementor-post__read-more-wrapper\">\n\t\t\n\t\t<a class=\"elementor-post__read-more\" href=\"https:\/\/rrc.fo\/en\/fyrlestrur-strategi-2035-eldraokid-i-framtidini\/\" aria-label=\"Read more about Kunning um strategi BHS2035\" tabindex=\"-1\" >\n\t\t\tRead more\t\t<\/a>\n\n\t\t\t\t\t<\/div>\n\t\t\t\t<\/div>\n\t\t\t\t<div class=\"elementor-post__meta-data\">\n\t\t\t\t\t<span class=\"elementor-post-date\">\n\t\t\tDecember 6, 2025\t\t<\/span>\n\t\t\t\t<\/div>\n\t\t\t\t\t<\/div>\n\t\t<\/article>\n\t\t\t\t<article class=\"elementor-post elementor-grid-item post-3152 post type-post status-publish format-standard has-post-thumbnail hentry category-tidindi\" role=\"listitem\">\n\t\t\t<div class=\"elementor-post__card\">\n\t\t\t\t<a class=\"elementor-post__thumbnail__link\" href=\"https:\/\/rrc.fo\/en\/gera-framtidaraetlan-fyri-bu-og-heimataenastuna-i-suduroy\/\" tabindex=\"-1\" ><div class=\"elementor-post__thumbnail\"><img loading=\"lazy\" decoding=\"async\" width=\"768\" height=\"512\" src=\"https:\/\/rrc.fo\/wp-content\/uploads\/2026\/01\/runi_rasmussen_0-768x512.jpg\" class=\"attachment-medium_large size-medium_large wp-image-3153\" alt=\"\" srcset=\"https:\/\/rrc.fo\/wp-content\/uploads\/2026\/01\/runi_rasmussen_0-768x512.jpg 768w, https:\/\/rrc.fo\/wp-content\/uploads\/2026\/01\/runi_rasmussen_0-300x200.jpg 300w, https:\/\/rrc.fo\/wp-content\/uploads\/2026\/01\/runi_rasmussen_0.jpg 870w\" sizes=\"(max-width: 768px) 100vw, 768px\" \/><\/div><\/a>\n\t\t\t\t<div class=\"elementor-post__badge\">Blog<\/div>\n\t\t\t\t<div class=\"elementor-post__text\">\n\t\t\t\t<h3 class=\"elementor-post__title\">\n\t\t\t<a href=\"https:\/\/rrc.fo\/en\/gera-framtidaraetlan-fyri-bu-og-heimataenastuna-i-suduroy\/\" >\n\t\t\t\tStrategy for Elderly Care Services in Su\u00f0uroy\t\t\t<\/a>\n\t\t<\/h3>\n\t\t\t\t<div class=\"elementor-post__excerpt\">\n\t\t\t<p>RR Consulting has been entrusted with the exciting task of leading the development of a strategy for the Residential and Home Care Services in Su\u00f0uroy, known as BHS2035 (B\u00fa- og Heimat\u00e6nastan \u00ed Su\u00f0uroy).<\/p>\n\t\t<\/div>\n\t\t\t\t\t<div class=\"elementor-post__read-more-wrapper\">\n\t\t\n\t\t<a class=\"elementor-post__read-more\" href=\"https:\/\/rrc.fo\/en\/gera-framtidaraetlan-fyri-bu-og-heimataenastuna-i-suduroy\/\" aria-label=\"Read more about Gera framt\u00ed\u00f0ar\u00e6tlan fyri B\u00fa- og heimat\u00e6nastuna \u00ed Su\u00f0uroy\" tabindex=\"-1\" >\n\t\t\tRead more\t\t<\/a>\n\n\t\t\t\t\t<\/div>\n\t\t\t\t<\/div>\n\t\t\t\t<div class=\"elementor-post__meta-data\">\n\t\t\t\t\t<span class=\"elementor-post-date\">\n\t\t\tOctober 20, 2025\t\t<\/span>\n\t\t\t\t<\/div>\n\t\t\t\t\t<\/div>\n\t\t<\/article>\n\t\t\t\t<\/div>\n\t\t\n\t\t\t\t\t\t<\/div>\n\t\t\t\t<\/div>\n\t\t\t\t\t<\/div>\n\t\t\t\t<\/div>\n\t\t\t\t<\/div>","protected":false},"excerpt":{"rendered":"<p>Blog<\/p>","protected":false},"author":1,"featured_media":0,"parent":0,"menu_order":0,"comment_status":"closed","ping_status":"closed","template":"","meta":{"site-sidebar-layout":"no-sidebar","site-content-layout":"page-builder","ast-site-content-layout":"default","site-content-style":"default","site-sidebar-style":"default","ast-global-header-display":"","ast-banner-title-visibility":"","ast-main-header-display":"","ast-hfb-above-header-display":"","ast-hfb-below-header-display":"","ast-hfb-mobile-header-display":"","site-post-title":"disabled","ast-breadcrumbs-content":"disabled","ast-featured-img":"disabled","footer-sml-layout":"","ast-disable-related-posts":"","theme-transparent-header-meta":"enabled","adv-header-id-meta":"","stick-header-meta":"","header-above-stick-meta":"","header-main-stick-meta":"","header-below-stick-meta":"","astra-migrate-meta-layouts":"default","ast-page-background-enabled":"default","ast-page-background-meta":{"desktop":{"background-color":"","background-image":"","background-repeat":"repeat","background-position":"center center","background-size":"auto","background-attachment":"scroll","background-type":"","background-media":"","overlay-type":"","overlay-color":"","overlay-opacity":"","overlay-gradient":""},"tablet":{"background-color":"","background-image":"","background-repeat":"repeat","background-position":"center center","background-size":"auto","background-attachment":"scroll","background-type":"","background-media":"","overlay-type":"","overlay-color":"","overlay-opacity":"","overlay-gradient":""},"mobile":{"background-color":"","background-image":"","background-repeat":"repeat","background-position":"center center","background-size":"auto","background-attachment":"scroll","background-type":"","background-media":"","overlay-type":"","overlay-color":"","overlay-opacity":"","overlay-gradient":""}},"ast-content-background-meta":{"desktop":{"background-color":"var(--ast-global-color-5)","background-image":"","background-repeat":"repeat","background-position":"center center","background-size":"auto","background-attachment":"scroll","background-type":"","background-media":"","overlay-type":"","overlay-color":"","overlay-opacity":"","overlay-gradient":""},"tablet":{"background-color":"var(--ast-global-color-5)","background-image":"","background-repeat":"repeat","background-position":"center center","background-size":"auto","background-attachment":"scroll","background-type":"","background-media":"","overlay-type":"","overlay-color":"","overlay-opacity":"","overlay-gradient":""},"mobile":{"background-color":"var(--ast-global-color-5)","background-image":"","background-repeat":"repeat","background-position":"center center","background-size":"auto","background-attachment":"scroll","background-type":"","background-media":"","overlay-type":"","overlay-color":"","overlay-opacity":"","overlay-gradient":""}},"footnotes":""},"class_list":["post-637","page","type-page","status-publish","hentry"],"yoast_head":"<!-- This site is optimized with the Yoast SEO plugin v27.6 - https:\/\/yoast.com\/product\/yoast-seo-wordpress\/ -->\n<title>T\u00ed\u00f0indi - RR Consulting<\/title>\n<meta name=\"robots\" content=\"index, follow, max-snippet:-1, max-image-preview:large, max-video-preview:-1\" \/>\n<link rel=\"canonical\" href=\"https:\/\/rrc.fo\/en\/frasagnir\/\" \/>\n<meta property=\"og:locale\" content=\"en_GB\" \/>\n<meta property=\"og:type\" content=\"article\" \/>\n<meta property=\"og:title\" content=\"T\u00ed\u00f0indi - RR Consulting\" \/>\n<meta property=\"og:description\" content=\"T\u00ed\u00f0indi\" \/>\n<meta property=\"og:url\" content=\"https:\/\/rrc.fo\/en\/frasagnir\/\" \/>\n<meta property=\"og:site_name\" content=\"RR Consulting\" \/>\n<meta property=\"article:modified_time\" content=\"2026-04-19T12:42:49+00:00\" \/>\n<meta name=\"twitter:card\" content=\"summary_large_image\" \/>\n<meta name=\"twitter:label1\" content=\"Estimated reading time\" \/>\n\t<meta name=\"twitter:data1\" content=\"9 minutes\" \/>\n<script type=\"application\/ld+json\" class=\"yoast-schema-graph\">{\"@context\":\"https:\\\/\\\/schema.org\",\"@graph\":[{\"@type\":\"WebPage\",\"@id\":\"https:\\\/\\\/rrc.fo\\\/frasagnir\\\/\",\"url\":\"https:\\\/\\\/rrc.fo\\\/frasagnir\\\/\",\"name\":\"T\u00ed\u00f0indi - RR Consulting\",\"isPartOf\":{\"@id\":\"https:\\\/\\\/rrc.fo\\\/#website\"},\"datePublished\":\"2024-07-31T17:16:43+00:00\",\"dateModified\":\"2026-04-19T12:42:49+00:00\",\"breadcrumb\":{\"@id\":\"https:\\\/\\\/rrc.fo\\\/frasagnir\\\/#breadcrumb\"},\"inLanguage\":\"en-GB\",\"potentialAction\":[{\"@type\":\"ReadAction\",\"target\":[\"https:\\\/\\\/rrc.fo\\\/frasagnir\\\/\"]}]},{\"@type\":\"BreadcrumbList\",\"@id\":\"https:\\\/\\\/rrc.fo\\\/frasagnir\\\/#breadcrumb\",\"itemListElement\":[{\"@type\":\"ListItem\",\"position\":1,\"name\":\"Home\",\"item\":\"https:\\\/\\\/rrc.fo\\\/\"},{\"@type\":\"ListItem\",\"position\":2,\"name\":\"T\u00ed\u00f0indi\"}]},{\"@type\":\"WebSite\",\"@id\":\"https:\\\/\\\/rrc.fo\\\/#website\",\"url\":\"https:\\\/\\\/rrc.fo\\\/\",\"name\":\"RR Consulting\",\"description\":\"- RR Consulting veitir r\u00e1\u00f0geving \u00ed lei\u00f0slu, organisati\u00f3nsmenning, strategi v.m.\",\"publisher\":{\"@id\":\"https:\\\/\\\/rrc.fo\\\/#organization\"},\"potentialAction\":[{\"@type\":\"SearchAction\",\"target\":{\"@type\":\"EntryPoint\",\"urlTemplate\":\"https:\\\/\\\/rrc.fo\\\/?s={search_term_string}\"},\"query-input\":{\"@type\":\"PropertyValueSpecification\",\"valueRequired\":true,\"valueName\":\"search_term_string\"}}],\"inLanguage\":\"en-GB\"},{\"@type\":\"Organization\",\"@id\":\"https:\\\/\\\/rrc.fo\\\/#organization\",\"name\":\"RR Consulting\",\"url\":\"https:\\\/\\\/rrc.fo\\\/\",\"logo\":{\"@type\":\"ImageObject\",\"inLanguage\":\"en-GB\",\"@id\":\"https:\\\/\\\/rrc.fo\\\/#\\\/schema\\\/logo\\\/image\\\/\",\"url\":\"https:\\\/\\\/rrc.fo\\\/wp-content\\\/uploads\\\/2026\\\/01\\\/cropped-RR_consulting-04-removebg-preview.png\",\"contentUrl\":\"https:\\\/\\\/rrc.fo\\\/wp-content\\\/uploads\\\/2026\\\/01\\\/cropped-RR_consulting-04-removebg-preview.png\",\"width\":447,\"height\":127,\"caption\":\"RR Consulting\"},\"image\":{\"@id\":\"https:\\\/\\\/rrc.fo\\\/#\\\/schema\\\/logo\\\/image\\\/\"}}]}<\/script>\n<!-- \/ Yoast SEO plugin. -->","yoast_head_json":{"title":"T\u00ed\u00f0indi - RR Consulting","robots":{"index":"index","follow":"follow","max-snippet":"max-snippet:-1","max-image-preview":"max-image-preview:large","max-video-preview":"max-video-preview:-1"},"canonical":"https:\/\/rrc.fo\/en\/frasagnir\/","og_locale":"en_GB","og_type":"article","og_title":"T\u00ed\u00f0indi - RR Consulting","og_description":"T\u00ed\u00f0indi","og_url":"https:\/\/rrc.fo\/en\/frasagnir\/","og_site_name":"RR Consulting","article_modified_time":"2026-04-19T12:42:49+00:00","twitter_card":"summary_large_image","twitter_misc":{"Estimated reading time":"9 minutes"},"schema":{"@context":"https:\/\/schema.org","@graph":[{"@type":"WebPage","@id":"https:\/\/rrc.fo\/frasagnir\/","url":"https:\/\/rrc.fo\/frasagnir\/","name":"T\u00ed\u00f0indi - RR Consulting","isPartOf":{"@id":"https:\/\/rrc.fo\/#website"},"datePublished":"2024-07-31T17:16:43+00:00","dateModified":"2026-04-19T12:42:49+00:00","breadcrumb":{"@id":"https:\/\/rrc.fo\/frasagnir\/#breadcrumb"},"inLanguage":"en-GB","potentialAction":[{"@type":"ReadAction","target":["https:\/\/rrc.fo\/frasagnir\/"]}]},{"@type":"BreadcrumbList","@id":"https:\/\/rrc.fo\/frasagnir\/#breadcrumb","itemListElement":[{"@type":"ListItem","position":1,"name":"Home","item":"https:\/\/rrc.fo\/"},{"@type":"ListItem","position":2,"name":"T\u00ed\u00f0indi"}]},{"@type":"WebSite","@id":"https:\/\/rrc.fo\/#website","url":"https:\/\/rrc.fo\/","name":"RR Consulting","description":"- RR Consulting veitir r\u00e1\u00f0geving \u00ed lei\u00f0slu, organisati\u00f3nsmenning, strategi v.m.","publisher":{"@id":"https:\/\/rrc.fo\/#organization"},"potentialAction":[{"@type":"SearchAction","target":{"@type":"EntryPoint","urlTemplate":"https:\/\/rrc.fo\/?s={search_term_string}"},"query-input":{"@type":"PropertyValueSpecification","valueRequired":true,"valueName":"search_term_string"}}],"inLanguage":"en-GB"},{"@type":"Organization","@id":"https:\/\/rrc.fo\/#organization","name":"RR Consulting","url":"https:\/\/rrc.fo\/","logo":{"@type":"ImageObject","inLanguage":"en-GB","@id":"https:\/\/rrc.fo\/#\/schema\/logo\/image\/","url":"https:\/\/rrc.fo\/wp-content\/uploads\/2026\/01\/cropped-RR_consulting-04-removebg-preview.png","contentUrl":"https:\/\/rrc.fo\/wp-content\/uploads\/2026\/01\/cropped-RR_consulting-04-removebg-preview.png","width":447,"height":127,"caption":"RR Consulting"},"image":{"@id":"https:\/\/rrc.fo\/#\/schema\/logo\/image\/"}}]}},"_links":{"self":[{"href":"https:\/\/rrc.fo\/en\/wp-json\/wp\/v2\/pages\/637","targetHints":{"allow":["GET"]}}],"collection":[{"href":"https:\/\/rrc.fo\/en\/wp-json\/wp\/v2\/pages"}],"about":[{"href":"https:\/\/rrc.fo\/en\/wp-json\/wp\/v2\/types\/page"}],"author":[{"embeddable":true,"href":"https:\/\/rrc.fo\/en\/wp-json\/wp\/v2\/users\/1"}],"replies":[{"embeddable":true,"href":"https:\/\/rrc.fo\/en\/wp-json\/wp\/v2\/comments?post=637"}],"version-history":[{"count":68,"href":"https:\/\/rrc.fo\/en\/wp-json\/wp\/v2\/pages\/637\/revisions"}],"predecessor-version":[{"id":3786,"href":"https:\/\/rrc.fo\/en\/wp-json\/wp\/v2\/pages\/637\/revisions\/3786"}],"wp:attachment":[{"href":"https:\/\/rrc.fo\/en\/wp-json\/wp\/v2\/media?parent=637"}],"curies":[{"name":"wp","href":"https:\/\/api.w.org\/{rel}","templated":true}]}}