{"id":939,"date":"2024-07-31T17:16:44","date_gmt":"2024-07-31T17:16:44","guid":{"rendered":"https:\/\/rrc.fo\/services\/"},"modified":"2026-02-04T18:49:39","modified_gmt":"2026-02-04T18:49:39","slug":"tanastur","status":"publish","type":"page","link":"https:\/\/rrc.fo\/en\/tanastur\/","title":{"rendered":"Services"},"content":{"rendered":"<div data-elementor-type=\"wp-page\" data-elementor-id=\"939\" class=\"elementor elementor-939\" data-elementor-post-type=\"page\">\n\t\t\t\t<div class=\"elementor-element elementor-element-f2d1bc5 e-flex e-con-boxed e-con e-parent\" data-id=\"f2d1bc5\" data-element_type=\"container\" data-e-type=\"container\" data-settings=\"{&quot;background_background&quot;:&quot;classic&quot;}\">\n\t\t\t\t\t<div class=\"e-con-inner\">\n\t\t\t\t<div class=\"elementor-element elementor-element-477099f animated-slow elementor-invisible elementor-widget elementor-widget-heading\" data-id=\"477099f\" data-element_type=\"widget\" data-e-type=\"widget\" data-settings=\"{&quot;_animation&quot;:&quot;slideInUp&quot;}\" data-widget_type=\"heading.default\">\n\t\t\t\t<div class=\"elementor-widget-container\">\n\t\t\t\t\t<h2 class=\"elementor-heading-title elementor-size-default\">Okkara<\/h2>\t\t\t\t<\/div>\n\t\t\t\t<\/div>\n\t\t\t\t<div class=\"elementor-element elementor-element-b58d3fe animated-slow elementor-invisible elementor-widget elementor-widget-heading\" data-id=\"b58d3fe\" data-element_type=\"widget\" data-e-type=\"widget\" data-settings=\"{&quot;_animation&quot;:&quot;slideInUp&quot;}\" data-widget_type=\"heading.default\">\n\t\t\t\t<div class=\"elementor-widget-container\">\n\t\t\t\t\t<h2 class=\"elementor-heading-title elementor-size-default\">Services<\/h2>\t\t\t\t<\/div>\n\t\t\t\t<\/div>\n\t\t\t\t\t<\/div>\n\t\t\t\t<\/div>\n\t\t<div class=\"elementor-element elementor-element-1081350e e-flex e-con-boxed e-con e-parent\" data-id=\"1081350e\" data-element_type=\"container\" data-e-type=\"container\" data-settings=\"{&quot;background_background&quot;:&quot;classic&quot;}\">\n\t\t\t\t\t<div class=\"e-con-inner\">\n\t\t\t\t<div class=\"elementor-element elementor-element-3da3047a elementor-widget__width-initial elementor-widget elementor-widget-toggle\" data-id=\"3da3047a\" data-element_type=\"widget\" data-e-type=\"widget\" data-widget_type=\"toggle.default\">\n\t\t\t\t<div class=\"elementor-widget-container\">\n\t\t\t\t\t\t\t<div class=\"elementor-toggle\">\n\t\t\t\t\t\t\t<div class=\"elementor-toggle-item\">\n\t\t\t\t\t<h3 id=\"elementor-tab-title-1031\" class=\"elementor-tab-title\" data-tab=\"1\" role=\"button\" aria-controls=\"elementor-tab-content-1031\" aria-expanded=\"false\">\n\t\t\t\t\t\t\t\t\t\t\t\t<span class=\"elementor-toggle-icon elementor-toggle-icon-right\" aria-hidden=\"true\">\n\t\t\t\t\t\t\t\t\t\t\t\t\t\t\t<span class=\"elementor-toggle-icon-closed\"><svg class=\"e-font-icon-svg e-fas-plus\" viewbox=\"0 0 448 512\" xmlns=\"http:\/\/www.w3.org\/2000\/svg\"><path d=\"M416 208H272V64c0-17.67-14.33-32-32-32h-32c-17.67 0-32 14.33-32 32v144H32c-17.67 0-32 14.33-32 32v32c0 17.67 14.33 32 32 32h144v144c0 17.67 14.33 32 32 32h32c17.67 0 32-14.33 32-32V304h144c17.67 0 32-14.33 32-32v-32c0-17.67-14.33-32-32-32z\"><\/path><\/svg><\/span>\n\t\t\t\t\t\t\t\t<span class=\"elementor-toggle-icon-opened\"><svg class=\"elementor-toggle-icon-opened e-font-icon-svg e-fas-minus\" viewbox=\"0 0 448 512\" xmlns=\"http:\/\/www.w3.org\/2000\/svg\"><path d=\"M416 208H32c-17.67 0-32 14.33-32 32v32c0 17.67 14.33 32 32 32h384c17.67 0 32-14.33 32-32v-32c0-17.67-14.33-32-32-32z\"><\/path><\/svg><\/span>\n\t\t\t\t\t\t\t\t\t\t\t\t\t<\/span>\n\t\t\t\t\t\t\t\t\t\t\t\t<a class=\"elementor-toggle-title\" tabindex=\"0\">Advice<\/a>\n\t\t\t\t\t<\/h3>\n\n\t\t\t\t\t<div id=\"elementor-tab-content-1031\" class=\"elementor-tab-content elementor-clearfix\" data-tab=\"1\" role=\"region\" aria-labelledby=\"elementor-tab-title-1031\"><p>RR Consulting offers advice to leaders and organisations. We place strong emphasis on understanding the situation, strengths, and challenges of both leaders and the organisation. Drawing on broad leadership experience and a solid professional foundation, we help you develop, set goals, and achieve them.\u00a0\u00a0<\/p><\/div>\n\t\t\t\t<\/div>\n\t\t\t\t\t\t\t<div class=\"elementor-toggle-item\">\n\t\t\t\t\t<h3 id=\"elementor-tab-title-1032\" class=\"elementor-tab-title\" data-tab=\"2\" role=\"button\" aria-controls=\"elementor-tab-content-1032\" aria-expanded=\"false\">\n\t\t\t\t\t\t\t\t\t\t\t\t<span class=\"elementor-toggle-icon elementor-toggle-icon-right\" aria-hidden=\"true\">\n\t\t\t\t\t\t\t\t\t\t\t\t\t\t\t<span class=\"elementor-toggle-icon-closed\"><svg class=\"e-font-icon-svg e-fas-plus\" viewbox=\"0 0 448 512\" xmlns=\"http:\/\/www.w3.org\/2000\/svg\"><path d=\"M416 208H272V64c0-17.67-14.33-32-32-32h-32c-17.67 0-32 14.33-32 32v144H32c-17.67 0-32 14.33-32 32v32c0 17.67 14.33 32 32 32h144v144c0 17.67 14.33 32 32 32h32c17.67 0 32-14.33 32-32V304h144c17.67 0 32-14.33 32-32v-32c0-17.67-14.33-32-32-32z\"><\/path><\/svg><\/span>\n\t\t\t\t\t\t\t\t<span class=\"elementor-toggle-icon-opened\"><svg class=\"elementor-toggle-icon-opened e-font-icon-svg e-fas-minus\" viewbox=\"0 0 448 512\" xmlns=\"http:\/\/www.w3.org\/2000\/svg\"><path d=\"M416 208H32c-17.67 0-32 14.33-32 32v32c0 17.67 14.33 32 32 32h384c17.67 0 32-14.33 32-32v-32c0-17.67-14.33-32-32-32z\"><\/path><\/svg><\/span>\n\t\t\t\t\t\t\t\t\t\t\t\t\t<\/span>\n\t\t\t\t\t\t\t\t\t\t\t\t<a class=\"elementor-toggle-title\" tabindex=\"0\">Analysis and Recommendations<\/a>\n\t\t\t\t\t<\/h3>\n\n\t\t\t\t\t<div id=\"elementor-tab-content-1032\" class=\"elementor-tab-content elementor-clearfix\" data-tab=\"2\" role=\"region\" aria-labelledby=\"elementor-tab-title-1032\"><p>RR Consulting conducts analyses and assessments of organisations in close collaboration with management. The aim is to support development through a listening approach, where strengths and challenges are identified. Based on this, honest and well-founded recommendations for improvement and development are presented to management.\u00a0<\/p><p>An organisation may struggle with different issues and therefore seek possible solutions and appropriate ways of addressing them.<em>In this context,<\/em>an external perspective, a listening approach, and the competencies of RR Consulting can provide valuable support and create real value.<\/p><p>RR Consulting conducts analyses and assessments of organisations in close collaboration with management. The aim is to support development through a listening approach, where strengths and challenges are identified. Based on this, honest and well-founded recommendations for improvement and development are presented to management.<\/p><p><span style=\"font-style: inherit; font-weight: inherit; letter-spacing: 0px;\">We do not only help by carrying out organisational assessments. We also provide well-founded recommendations on what can be done to address challenges, transform the organisation, or strengthen it to grow in what is often a demanding and unstable environment.\u00a0 \u00a0<\/span><\/p><\/div>\n\t\t\t\t<\/div>\n\t\t\t\t\t\t\t<div class=\"elementor-toggle-item\">\n\t\t\t\t\t<h3 id=\"elementor-tab-title-1033\" class=\"elementor-tab-title\" data-tab=\"3\" role=\"button\" aria-controls=\"elementor-tab-content-1033\" aria-expanded=\"false\">\n\t\t\t\t\t\t\t\t\t\t\t\t<span class=\"elementor-toggle-icon elementor-toggle-icon-right\" aria-hidden=\"true\">\n\t\t\t\t\t\t\t\t\t\t\t\t\t\t\t<span class=\"elementor-toggle-icon-closed\"><svg class=\"e-font-icon-svg e-fas-plus\" viewbox=\"0 0 448 512\" xmlns=\"http:\/\/www.w3.org\/2000\/svg\"><path d=\"M416 208H272V64c0-17.67-14.33-32-32-32h-32c-17.67 0-32 14.33-32 32v144H32c-17.67 0-32 14.33-32 32v32c0 17.67 14.33 32 32 32h144v144c0 17.67 14.33 32 32 32h32c17.67 0 32-14.33 32-32V304h144c17.67 0 32-14.33 32-32v-32c0-17.67-14.33-32-32-32z\"><\/path><\/svg><\/span>\n\t\t\t\t\t\t\t\t<span class=\"elementor-toggle-icon-opened\"><svg class=\"elementor-toggle-icon-opened e-font-icon-svg e-fas-minus\" viewbox=\"0 0 448 512\" xmlns=\"http:\/\/www.w3.org\/2000\/svg\"><path d=\"M416 208H32c-17.67 0-32 14.33-32 32v32c0 17.67 14.33 32 32 32h384c17.67 0 32-14.33 32-32v-32c0-17.67-14.33-32-32-32z\"><\/path><\/svg><\/span>\n\t\t\t\t\t\t\t\t\t\t\t\t\t<\/span>\n\t\t\t\t\t\t\t\t\t\t\t\t<a class=\"elementor-toggle-title\" tabindex=\"0\">Presentations and Keynote Speeches<\/a>\n\t\t\t\t\t<\/h3>\n\n\t\t\t\t\t<div id=\"elementor-tab-content-1033\" class=\"elementor-tab-content elementor-clearfix\" data-tab=\"3\" role=\"region\" aria-labelledby=\"elementor-tab-title-1033\"><p>Do you need a presentation or keynote speech that is inspiring and thought-provoking? We are happy to discuss how RR Consulting can help.\u00a0<\/p><p>RR Consulting enters into open dialogue with clients who want a presentation on a specific topic or challenge that is particularly relevant to the client\u2019s context.<\/p><p>Examples of titles:<\/p><ul><li>What is good leadership?<\/li><li>Vit eru hacka\u00f0!! Hvat skulu vit gera?<\/li><li>Can we create the future?<\/li><li>How do you lead change?<\/li><li>Which megatrends are shaping the world?<\/li><li>How to lead in a crisis?<\/li><li>Characteristics of healthy organisations<\/li><\/ul><\/div>\n\t\t\t\t<\/div>\n\t\t\t\t\t\t\t<div class=\"elementor-toggle-item\">\n\t\t\t\t\t<h3 id=\"elementor-tab-title-1034\" class=\"elementor-tab-title\" data-tab=\"4\" role=\"button\" aria-controls=\"elementor-tab-content-1034\" aria-expanded=\"false\">\n\t\t\t\t\t\t\t\t\t\t\t\t<span class=\"elementor-toggle-icon elementor-toggle-icon-right\" aria-hidden=\"true\">\n\t\t\t\t\t\t\t\t\t\t\t\t\t\t\t<span class=\"elementor-toggle-icon-closed\"><svg class=\"e-font-icon-svg e-fas-plus\" viewbox=\"0 0 448 512\" xmlns=\"http:\/\/www.w3.org\/2000\/svg\"><path d=\"M416 208H272V64c0-17.67-14.33-32-32-32h-32c-17.67 0-32 14.33-32 32v144H32c-17.67 0-32 14.33-32 32v32c0 17.67 14.33 32 32 32h144v144c0 17.67 14.33 32 32 32h32c17.67 0 32-14.33 32-32V304h144c17.67 0 32-14.33 32-32v-32c0-17.67-14.33-32-32-32z\"><\/path><\/svg><\/span>\n\t\t\t\t\t\t\t\t<span class=\"elementor-toggle-icon-opened\"><svg class=\"elementor-toggle-icon-opened e-font-icon-svg e-fas-minus\" viewbox=\"0 0 448 512\" xmlns=\"http:\/\/www.w3.org\/2000\/svg\"><path d=\"M416 208H32c-17.67 0-32 14.33-32 32v32c0 17.67 14.33 32 32 32h384c17.67 0 32-14.33 32-32v-32c0-17.67-14.33-32-32-32z\"><\/path><\/svg><\/span>\n\t\t\t\t\t\t\t\t\t\t\t\t\t<\/span>\n\t\t\t\t\t\t\t\t\t\t\t\t<a class=\"elementor-toggle-title\" tabindex=\"0\">Courses and Workshops<\/a>\n\t\t\t\t\t<\/h3>\n\n\t\t\t\t\t<div id=\"elementor-tab-content-1034\" class=\"elementor-tab-content elementor-clearfix\" data-tab=\"4\" role=\"region\" aria-labelledby=\"elementor-tab-title-1034\"><p>RR Consulting offers a variety of courses relevant to organisations, leaders, and employees. We provide both open courses and workshops.\u00a0<\/p><p>We also organise in-house courses and professional development in close and professional collaboration with the client.<\/p><p>Examples of courses offered by RR Consulting:<\/p><ul><li>At lei\u00f0a og standa \u00ed kreppu\u00a0<\/li><li>Fundamental leadership course<\/li><li>Being a leader in a political environment<\/li><li>Artificial intelligence in the workplace<\/li><\/ul><p>We place strong emphasis on involving course participants and drawing on the knowledge and experience of everyone involved. We often learn best together, and we can help one another develop skills and personal qualities.<\/p><p>The workshop format is designed to encourage co-creation, challenge perspectives, and consider issues from different angles.<\/p><p>If you would like a specific course or workshop, we are ready to discuss how it can be organised effectively based on your context.<\/p><\/div>\n\t\t\t\t<\/div>\n\t\t\t\t\t\t\t<div class=\"elementor-toggle-item\">\n\t\t\t\t\t<h3 id=\"elementor-tab-title-1035\" class=\"elementor-tab-title\" data-tab=\"5\" role=\"button\" aria-controls=\"elementor-tab-content-1035\" aria-expanded=\"false\">\n\t\t\t\t\t\t\t\t\t\t\t\t<span class=\"elementor-toggle-icon elementor-toggle-icon-right\" aria-hidden=\"true\">\n\t\t\t\t\t\t\t\t\t\t\t\t\t\t\t<span class=\"elementor-toggle-icon-closed\"><svg class=\"e-font-icon-svg e-fas-plus\" viewbox=\"0 0 448 512\" xmlns=\"http:\/\/www.w3.org\/2000\/svg\"><path d=\"M416 208H272V64c0-17.67-14.33-32-32-32h-32c-17.67 0-32 14.33-32 32v144H32c-17.67 0-32 14.33-32 32v32c0 17.67 14.33 32 32 32h144v144c0 17.67 14.33 32 32 32h32c17.67 0 32-14.33 32-32V304h144c17.67 0 32-14.33 32-32v-32c0-17.67-14.33-32-32-32z\"><\/path><\/svg><\/span>\n\t\t\t\t\t\t\t\t<span class=\"elementor-toggle-icon-opened\"><svg class=\"elementor-toggle-icon-opened e-font-icon-svg e-fas-minus\" viewbox=\"0 0 448 512\" xmlns=\"http:\/\/www.w3.org\/2000\/svg\"><path d=\"M416 208H32c-17.67 0-32 14.33-32 32v32c0 17.67 14.33 32 32 32h384c17.67 0 32-14.33 32-32v-32c0-17.67-14.33-32-32-32z\"><\/path><\/svg><\/span>\n\t\t\t\t\t\t\t\t\t\t\t\t\t<\/span>\n\t\t\t\t\t\t\t\t\t\t\t\t<a class=\"elementor-toggle-title\" tabindex=\"0\">Strategy and Vision Development<\/a>\n\t\t\t\t\t<\/h3>\n\n\t\t\t\t\t<div id=\"elementor-tab-content-1035\" class=\"elementor-tab-content elementor-clearfix\" data-tab=\"5\" role=\"region\" aria-labelledby=\"elementor-tab-title-1035\"><p>We facilitate and lead processes. This may include a process to define the organisation\u2019s values, mission, and vision.<\/p><p>RR Consulting applies a co-creative and open approach to strategic processes. Research shows that co-creative ways of working and active involvement produce better results and, for example, strengthen a strategy. This approach also greatly improves the likelihood of successful implementation, because employees are involved and therefore develop a sense of ownership and responsibility.\nRR Consulting applies a co-creative and open approach to strategic processes. Research shows that co-creative ways of working and active involvement produce better results and, for example, strengthen a strategy. This approach also greatly improves the likelihood of successful implementation, because employees are involved and therefore develop a sense of ownership and responsibility.<\/p><\/div>\n\t\t\t\t<\/div>\n\t\t\t\t\t\t\t<div class=\"elementor-toggle-item\">\n\t\t\t\t\t<h3 id=\"elementor-tab-title-1036\" class=\"elementor-tab-title\" data-tab=\"6\" role=\"button\" aria-controls=\"elementor-tab-content-1036\" aria-expanded=\"false\">\n\t\t\t\t\t\t\t\t\t\t\t\t<span class=\"elementor-toggle-icon elementor-toggle-icon-right\" aria-hidden=\"true\">\n\t\t\t\t\t\t\t\t\t\t\t\t\t\t\t<span class=\"elementor-toggle-icon-closed\"><svg class=\"e-font-icon-svg e-fas-plus\" viewbox=\"0 0 448 512\" xmlns=\"http:\/\/www.w3.org\/2000\/svg\"><path d=\"M416 208H272V64c0-17.67-14.33-32-32-32h-32c-17.67 0-32 14.33-32 32v144H32c-17.67 0-32 14.33-32 32v32c0 17.67 14.33 32 32 32h144v144c0 17.67 14.33 32 32 32h32c17.67 0 32-14.33 32-32V304h144c17.67 0 32-14.33 32-32v-32c0-17.67-14.33-32-32-32z\"><\/path><\/svg><\/span>\n\t\t\t\t\t\t\t\t<span class=\"elementor-toggle-icon-opened\"><svg class=\"elementor-toggle-icon-opened e-font-icon-svg e-fas-minus\" viewbox=\"0 0 448 512\" xmlns=\"http:\/\/www.w3.org\/2000\/svg\"><path d=\"M416 208H32c-17.67 0-32 14.33-32 32v32c0 17.67 14.33 32 32 32h384c17.67 0 32-14.33 32-32v-32c0-17.67-14.33-32-32-32z\"><\/path><\/svg><\/span>\n\t\t\t\t\t\t\t\t\t\t\t\t\t<\/span>\n\t\t\t\t\t\t\t\t\t\t\t\t<a class=\"elementor-toggle-title\" tabindex=\"0\">Recruitment<\/a>\n\t\t\t\t\t<\/h3>\n\n\t\t\t\t\t<div id=\"elementor-tab-content-1036\" class=\"elementor-tab-content elementor-clearfix\" data-tab=\"6\" role=\"region\" aria-labelledby=\"elementor-tab-title-1036\"><p>RR Consulting has extensive experience in leading recruitment processes, assessing applicants, and making recommendations to support decision-making. We manage such processes in very close collaboration with management and HR leaders, and with great respect for applicants and for the client\u2019s role and needs.<\/p><p>In brief, we divide a recruitment process into four stages:<\/p><ol><li>Preparation (needs analysis, profile definition, and drafting the job advertisement)<\/li><li>Reviewing and assessing applications based on the job advertisement and the organisation\u2019s needs<\/li><li>Interviews with selected applicants and assessment of their suitability<\/li><li>Recommendation regarding the most suitable candidates\u00a0<\/li><\/ol><\/div>\n\t\t\t\t<\/div>\n\t\t\t\t\t\t\t\t<\/div>\n\t\t\t\t\t\t<\/div>\n\t\t\t\t<\/div>\n\t\t\t\t\t<\/div>\n\t\t\t\t<\/div>\n\t\t\t\t<\/div>","protected":false},"excerpt":{"rendered":"<p>Okkara T\u00e6nastur R\u00e1\u00f0geving og sparring RR Consulting bj\u00f3\u00f0ar r\u00e1\u00f0geving og sparring til lei\u00f0arar og organisati\u00f3nir. Vit leggja\u00a0 st\u00f3ran dent \u00e1 at skilja st\u00f8\u00f0una, styrkir og avbj\u00f3\u00f0ingar hj\u00e1 lei\u00f0arum og organisati\u00f3nini. Grunda\u00f0 \u00e1 fj\u00f8lbroyttar lei\u00f0sluroyndir og g\u00f3\u00f0a fakliga grund, hj\u00e1lpa vit tykkum at mennast, at seta m\u00e1l og at r\u00f8kka teimum.\u00a0\u00a0 Greiningar og tilm\u00e6li Avbj\u00f3\u00f0ingar hj\u00e1 [&hellip;]<\/p>\n","protected":false},"author":1,"featured_media":0,"parent":0,"menu_order":0,"comment_status":"closed","ping_status":"closed","template":"","meta":{"site-sidebar-layout":"no-sidebar","site-content-layout":"page-builder","ast-site-content-layout":"default","site-content-style":"default","site-sidebar-style":"default","ast-global-header-display":"","ast-banner-title-visibility":"","ast-main-header-display":"","ast-hfb-above-header-display":"","ast-hfb-below-header-display":"","ast-hfb-mobile-header-display":"","site-post-title":"disabled","ast-breadcrumbs-content":"disabled","ast-featured-img":"disabled","footer-sml-layout":"","ast-disable-related-posts":"","theme-transparent-header-meta":"enabled","adv-header-id-meta":"","stick-header-meta":"","header-above-stick-meta":"","header-main-stick-meta":"","header-below-stick-meta":"","astra-migrate-meta-layouts":"default","ast-page-background-enabled":"default","ast-page-background-meta":{"desktop":{"background-color":"","background-image":"","background-repeat":"repeat","background-position":"center center","background-size":"auto","background-attachment":"scroll","background-type":"","background-media":"","overlay-type":"","overlay-color":"","overlay-opacity":"","overlay-gradient":""},"tablet":{"background-color":"","background-image":"","background-repeat":"repeat","background-position":"center center","background-size":"auto","background-attachment":"scroll","background-type":"","background-media":"","overlay-type":"","overlay-color":"","overlay-opacity":"","overlay-gradient":""},"mobile":{"background-color":"","background-image":"","background-repeat":"repeat","background-position":"center center","background-size":"auto","background-attachment":"scroll","background-type":"","background-media":"","overlay-type":"","overlay-color":"","overlay-opacity":"","overlay-gradient":""}},"ast-content-background-meta":{"desktop":{"background-color":"var(--ast-global-color-5)","background-image":"","background-repeat":"repeat","background-position":"center center","background-size":"auto","background-attachment":"scroll","background-type":"","background-media":"","overlay-type":"","overlay-color":"","overlay-opacity":"","overlay-gradient":""},"tablet":{"background-color":"var(--ast-global-color-5)","background-image":"","background-repeat":"repeat","background-position":"center center","background-size":"auto","background-attachment":"scroll","background-type":"","background-media":"","overlay-type":"","overlay-color":"","overlay-opacity":"","overlay-gradient":""},"mobile":{"background-color":"var(--ast-global-color-5)","background-image":"","background-repeat":"repeat","background-position":"center center","background-size":"auto","background-attachment":"scroll","background-type":"","background-media":"","overlay-type":"","overlay-color":"","overlay-opacity":"","overlay-gradient":""}},"footnotes":""},"class_list":["post-939","page","type-page","status-publish","hentry"],"yoast_head":"<!-- This site is optimized with the Yoast SEO plugin v27.6 - https:\/\/yoast.com\/product\/yoast-seo-wordpress\/ -->\n<title>T\u00e6nastur - RR Consulting<\/title>\n<meta name=\"robots\" content=\"index, follow, max-snippet:-1, max-image-preview:large, max-video-preview:-1\" \/>\n<link rel=\"canonical\" href=\"https:\/\/rrc.fo\/en\/tanastur\/\" \/>\n<meta property=\"og:locale\" content=\"en_GB\" \/>\n<meta property=\"og:type\" content=\"article\" \/>\n<meta property=\"og:title\" content=\"T\u00e6nastur - RR Consulting\" \/>\n<meta property=\"og:description\" content=\"Okkara T\u00e6nastur R\u00e1\u00f0geving og sparring RR Consulting bj\u00f3\u00f0ar r\u00e1\u00f0geving og sparring til lei\u00f0arar og organisati\u00f3nir. Vit leggja\u00a0 st\u00f3ran dent \u00e1 at skilja st\u00f8\u00f0una, styrkir og avbj\u00f3\u00f0ingar hj\u00e1 lei\u00f0arum og organisati\u00f3nini. Grunda\u00f0 \u00e1 fj\u00f8lbroyttar lei\u00f0sluroyndir og g\u00f3\u00f0a fakliga grund, hj\u00e1lpa vit tykkum at mennast, at seta m\u00e1l og at r\u00f8kka teimum.\u00a0\u00a0 Greiningar og tilm\u00e6li Avbj\u00f3\u00f0ingar hj\u00e1 [&hellip;]\" \/>\n<meta property=\"og:url\" content=\"https:\/\/rrc.fo\/en\/tanastur\/\" \/>\n<meta property=\"og:site_name\" content=\"RR Consulting\" \/>\n<meta property=\"article:modified_time\" content=\"2026-02-04T18:49:39+00:00\" \/>\n<meta name=\"twitter:card\" content=\"summary_large_image\" \/>\n<meta name=\"twitter:label1\" content=\"Estimated reading time\" \/>\n\t<meta name=\"twitter:data1\" content=\"3 minutes\" \/>\n<script type=\"application\/ld+json\" class=\"yoast-schema-graph\">{\"@context\":\"https:\\\/\\\/schema.org\",\"@graph\":[{\"@type\":\"WebPage\",\"@id\":\"https:\\\/\\\/rrc.fo\\\/tanastur\\\/\",\"url\":\"https:\\\/\\\/rrc.fo\\\/tanastur\\\/\",\"name\":\"T\u00e6nastur - RR Consulting\",\"isPartOf\":{\"@id\":\"https:\\\/\\\/rrc.fo\\\/#website\"},\"datePublished\":\"2024-07-31T17:16:44+00:00\",\"dateModified\":\"2026-02-04T18:49:39+00:00\",\"breadcrumb\":{\"@id\":\"https:\\\/\\\/rrc.fo\\\/tanastur\\\/#breadcrumb\"},\"inLanguage\":\"en-GB\",\"potentialAction\":[{\"@type\":\"ReadAction\",\"target\":[\"https:\\\/\\\/rrc.fo\\\/tanastur\\\/\"]}]},{\"@type\":\"BreadcrumbList\",\"@id\":\"https:\\\/\\\/rrc.fo\\\/tanastur\\\/#breadcrumb\",\"itemListElement\":[{\"@type\":\"ListItem\",\"position\":1,\"name\":\"Home\",\"item\":\"https:\\\/\\\/rrc.fo\\\/\"},{\"@type\":\"ListItem\",\"position\":2,\"name\":\"T\u00e6nastur\"}]},{\"@type\":\"WebSite\",\"@id\":\"https:\\\/\\\/rrc.fo\\\/#website\",\"url\":\"https:\\\/\\\/rrc.fo\\\/\",\"name\":\"RR Consulting\",\"description\":\"- RR Consulting veitir r\u00e1\u00f0geving \u00ed lei\u00f0slu, organisati\u00f3nsmenning, strategi v.m.\",\"publisher\":{\"@id\":\"https:\\\/\\\/rrc.fo\\\/#organization\"},\"potentialAction\":[{\"@type\":\"SearchAction\",\"target\":{\"@type\":\"EntryPoint\",\"urlTemplate\":\"https:\\\/\\\/rrc.fo\\\/?s={search_term_string}\"},\"query-input\":{\"@type\":\"PropertyValueSpecification\",\"valueRequired\":true,\"valueName\":\"search_term_string\"}}],\"inLanguage\":\"en-GB\"},{\"@type\":\"Organization\",\"@id\":\"https:\\\/\\\/rrc.fo\\\/#organization\",\"name\":\"RR Consulting\",\"url\":\"https:\\\/\\\/rrc.fo\\\/\",\"logo\":{\"@type\":\"ImageObject\",\"inLanguage\":\"en-GB\",\"@id\":\"https:\\\/\\\/rrc.fo\\\/#\\\/schema\\\/logo\\\/image\\\/\",\"url\":\"https:\\\/\\\/rrc.fo\\\/wp-content\\\/uploads\\\/2026\\\/01\\\/cropped-RR_consulting-04-removebg-preview.png\",\"contentUrl\":\"https:\\\/\\\/rrc.fo\\\/wp-content\\\/uploads\\\/2026\\\/01\\\/cropped-RR_consulting-04-removebg-preview.png\",\"width\":447,\"height\":127,\"caption\":\"RR Consulting\"},\"image\":{\"@id\":\"https:\\\/\\\/rrc.fo\\\/#\\\/schema\\\/logo\\\/image\\\/\"}}]}<\/script>\n<!-- \/ Yoast SEO plugin. -->","yoast_head_json":{"title":"T\u00e6nastur - RR Consulting","robots":{"index":"index","follow":"follow","max-snippet":"max-snippet:-1","max-image-preview":"max-image-preview:large","max-video-preview":"max-video-preview:-1"},"canonical":"https:\/\/rrc.fo\/en\/tanastur\/","og_locale":"en_GB","og_type":"article","og_title":"T\u00e6nastur - RR Consulting","og_description":"Okkara T\u00e6nastur R\u00e1\u00f0geving og sparring RR Consulting bj\u00f3\u00f0ar r\u00e1\u00f0geving og sparring til lei\u00f0arar og organisati\u00f3nir. Vit leggja\u00a0 st\u00f3ran dent \u00e1 at skilja st\u00f8\u00f0una, styrkir og avbj\u00f3\u00f0ingar hj\u00e1 lei\u00f0arum og organisati\u00f3nini. Grunda\u00f0 \u00e1 fj\u00f8lbroyttar lei\u00f0sluroyndir og g\u00f3\u00f0a fakliga grund, hj\u00e1lpa vit tykkum at mennast, at seta m\u00e1l og at r\u00f8kka teimum.\u00a0\u00a0 Greiningar og tilm\u00e6li Avbj\u00f3\u00f0ingar hj\u00e1 [&hellip;]","og_url":"https:\/\/rrc.fo\/en\/tanastur\/","og_site_name":"RR Consulting","article_modified_time":"2026-02-04T18:49:39+00:00","twitter_card":"summary_large_image","twitter_misc":{"Estimated reading time":"3 minutes"},"schema":{"@context":"https:\/\/schema.org","@graph":[{"@type":"WebPage","@id":"https:\/\/rrc.fo\/tanastur\/","url":"https:\/\/rrc.fo\/tanastur\/","name":"T\u00e6nastur - RR Consulting","isPartOf":{"@id":"https:\/\/rrc.fo\/#website"},"datePublished":"2024-07-31T17:16:44+00:00","dateModified":"2026-02-04T18:49:39+00:00","breadcrumb":{"@id":"https:\/\/rrc.fo\/tanastur\/#breadcrumb"},"inLanguage":"en-GB","potentialAction":[{"@type":"ReadAction","target":["https:\/\/rrc.fo\/tanastur\/"]}]},{"@type":"BreadcrumbList","@id":"https:\/\/rrc.fo\/tanastur\/#breadcrumb","itemListElement":[{"@type":"ListItem","position":1,"name":"Home","item":"https:\/\/rrc.fo\/"},{"@type":"ListItem","position":2,"name":"T\u00e6nastur"}]},{"@type":"WebSite","@id":"https:\/\/rrc.fo\/#website","url":"https:\/\/rrc.fo\/","name":"RR Consulting","description":"- RR Consulting veitir r\u00e1\u00f0geving \u00ed lei\u00f0slu, organisati\u00f3nsmenning, strategi v.m.","publisher":{"@id":"https:\/\/rrc.fo\/#organization"},"potentialAction":[{"@type":"SearchAction","target":{"@type":"EntryPoint","urlTemplate":"https:\/\/rrc.fo\/?s={search_term_string}"},"query-input":{"@type":"PropertyValueSpecification","valueRequired":true,"valueName":"search_term_string"}}],"inLanguage":"en-GB"},{"@type":"Organization","@id":"https:\/\/rrc.fo\/#organization","name":"RR Consulting","url":"https:\/\/rrc.fo\/","logo":{"@type":"ImageObject","inLanguage":"en-GB","@id":"https:\/\/rrc.fo\/#\/schema\/logo\/image\/","url":"https:\/\/rrc.fo\/wp-content\/uploads\/2026\/01\/cropped-RR_consulting-04-removebg-preview.png","contentUrl":"https:\/\/rrc.fo\/wp-content\/uploads\/2026\/01\/cropped-RR_consulting-04-removebg-preview.png","width":447,"height":127,"caption":"RR Consulting"},"image":{"@id":"https:\/\/rrc.fo\/#\/schema\/logo\/image\/"}}]}},"_links":{"self":[{"href":"https:\/\/rrc.fo\/en\/wp-json\/wp\/v2\/pages\/939","targetHints":{"allow":["GET"]}}],"collection":[{"href":"https:\/\/rrc.fo\/en\/wp-json\/wp\/v2\/pages"}],"about":[{"href":"https:\/\/rrc.fo\/en\/wp-json\/wp\/v2\/types\/page"}],"author":[{"embeddable":true,"href":"https:\/\/rrc.fo\/en\/wp-json\/wp\/v2\/users\/1"}],"replies":[{"embeddable":true,"href":"https:\/\/rrc.fo\/en\/wp-json\/wp\/v2\/comments?post=939"}],"version-history":[{"count":187,"href":"https:\/\/rrc.fo\/en\/wp-json\/wp\/v2\/pages\/939\/revisions"}],"predecessor-version":[{"id":3643,"href":"https:\/\/rrc.fo\/en\/wp-json\/wp\/v2\/pages\/939\/revisions\/3643"}],"wp:attachment":[{"href":"https:\/\/rrc.fo\/en\/wp-json\/wp\/v2\/media?parent=939"}],"curies":[{"name":"wp","href":"https:\/\/api.w.org\/{rel}","templated":true}]}}